{"id":1977,"date":"2022-05-09T04:25:20","date_gmt":"2022-05-09T04:25:20","guid":{"rendered":"https:\/\/lionbeeyoga.com\/?page_id=1977"},"modified":"2025-11-27T21:24:17","modified_gmt":"2025-11-27T20:24:17","slug":"impressum","status":"publish","type":"page","link":"https:\/\/katharina-flows.ch\/en\/impressum\/","title":{"rendered":"Imprint"},"content":{"rendered":"<div data-elementor-type=\"wp-page\" data-elementor-id=\"1977\" class=\"elementor elementor-1977\">\n\t\t\t\t\t\t<section class=\"elementor-section elementor-top-section elementor-element elementor-element-0816ff2 elementor-section-full_width elementor-section-height-default elementor-section-height-default\" data-id=\"0816ff2\" data-element_type=\"section\">\n\t\t\t\t\t\t<div class=\"elementor-container elementor-column-gap-no\">\n\t\t\t\t\t<div class=\"elementor-column elementor-col-100 elementor-top-column elementor-element elementor-element-755b74a\" data-id=\"755b74a\" data-element_type=\"column\" data-settings=\"{&quot;background_background&quot;:&quot;slideshow&quot;,&quot;background_slideshow_gallery&quot;:[{&quot;id&quot;:2565,&quot;url&quot;:&quot;https:\\\/\\\/katharina-flows.ch\\\/wp-content\\\/uploads\\\/2025\\\/07\\\/cropped-IMG_1644-1-scaled-1.jpg&quot;}],&quot;background_slideshow_loop&quot;:&quot;yes&quot;,&quot;background_slideshow_slide_duration&quot;:5000,&quot;background_slideshow_slide_transition&quot;:&quot;fade&quot;,&quot;background_slideshow_transition_duration&quot;:500}\">\n\t\t\t<div class=\"elementor-widget-wrap elementor-element-populated\">\n\t\t\t\t\t\t<div class=\"elementor-element elementor-element-daf6d3f elementor-align-left elementor-widget elementor-widget-home-5-slider\" data-id=\"daf6d3f\" data-element_type=\"widget\" data-widget_type=\"home-5-slider.default\">\n\t\t\t\t<div class=\"elementor-widget-container\">\n\t\t\t\t\t\r\n\t\t<header class=\"header slider-fade\">\r\n\t\t\t<div class=\"owl-carousel owl-theme\">\r\n\t\t\t\t<!-- The opacity on the image is made with \"data-overlay-dark=\"number\". You can change it using the numbers 0-9. -->\r\n\t\t\t\t\t\t\t\t\t\t\t\t\t\t\t<div class=\"v-middle caption\">\r\n\t\t\t\t\t\t\t<div class=\"container\">\r\n\t\t\t\t\t\t\t\t<div class=\"row\">\r\n\t\t\t\t\t\t\t\t\t<div class=\"col-md-10 offset-md-1\">\r\n\t\t\t\t\t\t\t\t\t\t<span>\r\n\t\t\t\t\t\t\t\t\t\t\t\t\t\t\t\t\t\t\t\t\t\t\t<i class=\"star-rating\"><\/i>\r\n\t\t\t\t\t\t\t\t\t\t\t\t<i class=\"star-rating\"><\/i>\r\n\t\t\t\t\t\t\t\t\t\t\t\t<i class=\"star-rating\"><\/i>\r\n\t\t\t\t\t\t\t\t\t\t\t\t<i class=\"star-rating\"><\/i>\r\n\t\t\t\t\t\t\t\t\t\t\t\t<i class=\"star-rating\"><\/i>\r\n\t\t\t\t\t\t\t\t\t\t\t\t\t\t\t\t\t\t\t\t\t\t<\/span>\r\n\t\t\t\t\t\t\t\t\t\t\t\t\t\t\t\t\t\t\t\t\t\t\t<h4>ENJOY A UNIQUE EXPERIENCE<\/h4>\r\n\t\t\t\t\t\t\t\t\t\t\t\t\t\t\t\t\t\t\t\t\t\t\t\t\t\t\t\t\t\t\t\t\t\t\t\t\t\t\t\t\t\t\t<\/div>\r\n\t\t\t\t\t\t\t\t\t<\/div>\r\n\t\t\t\t\t\t\t\t<\/div>\r\n\t\t\t\t\t\t\t<\/div>\r\n\t\t\t\t\t\t<\/div>\r\n\t\t\t\t\t\t\t\t\t<\/div>\r\n\t\t\t\t<!-- slider reservation -->\r\n\t\t\t\t\t\t\t\t<div class=\"reservation\">\r\n\t\t\t\t\t<a href=\"tel:0041772570459\">\r\n\t\t\t\t\t\t<div class=\"icon d-flex justify-content-center align-items-center\">\r\n\t\t\t\t\t\t\t<i class=\"flaticon-call\"><\/i>\r\n\t\t\t\t\t\t<\/div>\r\n\t\t\t\t\t\t<div class=\"call\"><span>+41 77 257 04 59<\/span> <br>Inquiry<\/div>\r\n\t\t\t\t\t<\/a>\r\n\t\t\t\t<\/div>\r\n\t\t\t\t\t<\/header>\r\n\r\n\t\t\t\t\t<\/div>\n\t\t\t\t<\/div>\n\t\t\t\t\t<\/div>\n\t\t<\/div>\n\t\t\t\t\t<\/div>\n\t\t<\/section>\n\t\t\t\t<section class=\"elementor-section elementor-top-section elementor-element elementor-element-a2aaa76 elementor-section-boxed elementor-section-height-default elementor-section-height-default\" data-id=\"a2aaa76\" data-element_type=\"section\" data-settings=\"{&quot;background_background&quot;:&quot;slideshow&quot;,&quot;background_slideshow_gallery&quot;:[],&quot;background_slideshow_loop&quot;:&quot;yes&quot;,&quot;background_slideshow_slide_duration&quot;:5000,&quot;background_slideshow_slide_transition&quot;:&quot;fade&quot;,&quot;background_slideshow_transition_duration&quot;:500}\">\n\t\t\t\t\t\t<div class=\"elementor-container elementor-column-gap-default\">\n\t\t\t\t\t<div class=\"elementor-column elementor-col-100 elementor-top-column elementor-element elementor-element-86f47d3\" data-id=\"86f47d3\" data-element_type=\"column\">\n\t\t\t<div class=\"elementor-widget-wrap elementor-element-populated\">\n\t\t\t\t\t\t<div class=\"elementor-element elementor-element-f340a6d elementor-widget elementor-widget-text-editor\" data-id=\"f340a6d\" data-element_type=\"widget\" data-widget_type=\"text-editor.default\">\n\t\t\t\t<div class=\"elementor-widget-container\">\n\t\t\t\t\t\t\t\t\t<p><strong>Disclaimer<\/strong><br \/>The author does not guarantee the correctness, accuracy, timeliness, reliability and completeness of the information.<br \/>Liability claims regarding damage caused by the use of any information provided, including any kind of information which is incomplete or incorrect,will therefore be rejected.<\/p><p>\u00a0<\/p><p>All offers are subject to change. Parts of the pages or the complete publication including all offers and information might be extended, changed or partly or completely deleted by the author without separate announcement.<\/p><p>\u00a0<\/p><p><strong>Disclaimer for contents and links<\/strong><br \/>References and links to third party websites are beyond our responsibility. Any responsibility for such websites is declined. The access and use of such websites is at the own risk of the respective user.<\/p><p>\u00a0<\/p><p><strong>Copyright declaration<\/strong><br \/>The copyright and all other rights to the content, images, photos or other files on this website, belong exclusively to lionbeeyoga, owner Katharina Krassnitzer or the specifically named copyright holders. For the reproduction of any elements, the written consent of the copyright holder must be obtained in advance.<\/p>\t\t\t\t\t\t\t\t<\/div>\n\t\t\t\t<\/div>\n\t\t\t\t\t<\/div>\n\t\t<\/div>\n\t\t\t\t\t<\/div>\n\t\t<\/section>\n\t\t\t\t<section class=\"elementor-section elementor-top-section elementor-element elementor-element-b477b9a elementor-section-full_width elementor-section-height-default elementor-section-height-default\" data-id=\"b477b9a\" data-element_type=\"section\">\n\t\t\t\t\t\t<div class=\"elementor-container elementor-column-gap-no\">\n\t\t\t\t\t<div class=\"elementor-column elementor-col-100 elementor-top-column elementor-element elementor-element-405f0e6\" data-id=\"405f0e6\" data-element_type=\"column\">\n\t\t\t<div class=\"elementor-widget-wrap elementor-element-populated\">\n\t\t\t\t\t\t<div class=\"elementor-element elementor-element-87379cc elementor-align-left elementor-widget elementor-widget-home-about\" data-id=\"87379cc\" data-element_type=\"widget\" data-widget_type=\"home-about.default\">\n\t\t\t\t<div class=\"elementor-widget-container\">\n\t\t\t\t\t\r\n\t\t<section class=\"about section-padding\">\r\n\t\t\t<h2 style=\"display: none!important;\">lionbee<\/h2>\r\n\t\t\t<div class=\"container\">\r\n\t\t\t\t<div class=\"row\">\r\n\t\t\t\t\t<div class=\"col-md-6 mb-30 animate-box\" data-animate-effect=\"fadeInUp\">\r\n\t\t\t\t\t\t<span>\r\n\t\t\t\t\t\t\t\t\t\t\t\t\t\t\t<i class=\"star-rating\"><\/i>\r\n\t\t\t\t\t\t\t\t<i class=\"star-rating\"><\/i>\r\n\t\t\t\t\t\t\t\t<i class=\"star-rating\"><\/i>\r\n\t\t\t\t\t\t\t\t<i class=\"star-rating\"><\/i>\r\n\t\t\t\t\t\t\t\t<i class=\"star-rating\"><\/i>\r\n\t\t\t\t\t\t\t\t\t\t\t\t\t<\/span>\r\n\t\t\t\t\t\t\t\t\t\t\t\t\t\t\t\t\t\t<div class=\"section-title\">Imprint<\/div>\r\n\t\t\t\t\t\t\t\t\t\t\t\t\t\t\t\t\t\tResponsible entity:<br>\nkatharina.flows, Inhaberin Katharina Krassnitzer<br>\n<br>\nUntereggen \/ St. Gallen<br>\nSwitzerland<br>\nE-Mail: info@katharina-flows.ch<br>\n<br>\nAuthorized representatives: Katharina Krassnitzer<br>\n<br>\nName des Unternehmens: Inhaberin Katharina Krassnitzer<br>\n\n\t\t\t\t\t\t\t\t\t\t\t\t<!-- call -->\r\n\t\t\t\t\t\t\t\t\t\t\t<\/div>\r\n\t\t\t\t\t\t\t\t\t\t\t\t\t\t<\/div>\r\n\t\t\t<\/div>\r\n\t\t<\/section>\r\n\r\n\t\t\t\t\t<\/div>\n\t\t\t\t<\/div>\n\t\t\t\t<div class=\"elementor-element elementor-element-02d81ec elementor-align-left elementor-widget elementor-widget-home-testimonials-2\" data-id=\"02d81ec\" data-element_type=\"widget\" data-widget_type=\"home-testimonials-2.default\">\n\t\t\t\t<div class=\"elementor-widget-container\">\n\t\t\t\t\t\r\n\t\t<section class=\"testimonials\">\r\n\t\t\t\t\t\t<div class=\"background bg-img bg-fixed section-padding pb-0\" data-background=\"https:\/\/katharina-flows.ch\/wp-content\/uploads\/2025\/07\/cropped-IMG_1644-1-scaled-1.jpg\" data-overlay-dark=\"2\">\r\n\t\t\t\t\t\t\t<div class=\"container\">\r\n\t\t\t\t\t<div class=\"row\">\r\n\t\t\t\t\t\t<!-- Reservation -->\r\n\t\t\t\t\t\t<div class=\"col-md-5 mb-30 mt-30\">\r\n\t\t\t\t\t\t\t<p>\t\t\t\t\t\t\t\t<i class=\"star-rating\"><\/i>\r\n\t\t\t\t\t\t\t\t<i class=\"star-rating\"><\/i>\r\n\t\t\t\t\t\t\t\t<i class=\"star-rating\"><\/i>\r\n\t\t\t\t\t\t\t\t<i class=\"star-rating\"><\/i>\r\n\t\t\t\t\t\t\t\t<i class=\"star-rating\"><\/i>\r\n\t\t\t\t\t\t\t\t<\/p>\r\n\t\t\t\t\t\t\t\t\t\t\t\t\t\t<h5>For your inquiries and bookings please use the contact form or contact me by phone.<\/h5>\r\n\t\t\t\t\t\t\t\t\t\t\t\t\t\t\t\t\t\t\t\t\t<div class=\"reservations mb-30\">\r\n\t\t\t\t\t\t\t\t<div class=\"icon color-1\"><span class=\"flaticon-call\"><\/span><\/div>\r\n\t\t\t\t\t\t\t\t<div class=\"text\">\r\n\t\t\t\t\t\t\t\t\t<p class=\"color-1\">Inquiry<\/p> <a class=\"color-1\" href=\"tel:0041772570459\">+41 77 257 04 59<\/a>\t\t\t\t\t\t\t\t<\/div>\r\n\t\t\t\t\t\t\t<\/div>\r\n\t\t\t\t\t\t\t\t\t\t\t\t\t\t\t\t\t\t\t\t<\/div>\r\n\t\t\t\t\t\t<!-- Booking From -->\r\n\t\t\t\t\t\t<div class=\"col-md-5 offset-md-2\">\r\n\t\t\t\t\t\t\t<div class=\"booking-box\">\r\n\t\t\t\t\t\t\t\t<div class=\"head-box\">\r\n\t\t\t\t\t\t\t\t\t\t\t\t\t\t\t\t\t\t<h6>Inquiry &amp; Book<\/h6>\r\n\t\t\t\t\t\t\t\t\t\t\t\t\t\t\t\t\t\t\t\t\t\t\t\t\t\t\t<h4>Contact form<\/h4>\r\n\t\t\t\t\t\t\t\t\t\t\t\t\t\t\t\t\t<\/div>\r\n\t\t\t\t\t\t\t\t\t\t\t\t\t\t\t\t<div class=\"booking-inner clearfix\">\r\n\t\t\t\t\t\t\t\t\t\n<div class=\"wpcf7 no-js\" id=\"wpcf7-f130-o1\" lang=\"en-US\" dir=\"ltr\" data-wpcf7-id=\"130\">\n<div class=\"screen-reader-response\"><p role=\"status\" aria-live=\"polite\" aria-atomic=\"true\"><\/p> <ul><\/ul><\/div>\n<form action=\"\/en\/wp-json\/wp\/v2\/pages\/1977#wpcf7-f130-o1\" method=\"post\" class=\"wpcf7-form init\" aria-label=\"Contact form\" novalidate=\"novalidate\" data-status=\"init\" data-trp-original-action=\"\/en\/wp-json\/wp\/v2\/pages\/1977#wpcf7-f130-o1\">\n<fieldset class=\"hidden-fields-container\"><input type=\"hidden\" name=\"_wpcf7\" value=\"130\" \/><input type=\"hidden\" name=\"_wpcf7_version\" value=\"6.1.2\" \/><input type=\"hidden\" name=\"_wpcf7_locale\" value=\"en_US\" \/><input type=\"hidden\" name=\"_wpcf7_unit_tag\" value=\"wpcf7-f130-o1\" \/><input type=\"hidden\" name=\"_wpcf7_container_post\" value=\"0\" \/><input type=\"hidden\" name=\"_wpcf7_posted_data_hash\" value=\"\" \/>\n<\/fieldset>\n<form method=\"post\" class=\"contact__form\" action=\"mail.php\">\n\t<div class=\"row\">\n\t\t<div class=\"col-12\">\n\t\t\t<div class=\"alert alert-success contact__msg\" style=\"display: none\" role=\"alert\">\n\t\t\t\t<p>Your message was sent successfully.\n\t\t\t\t<\/p>\n\t\t\t<\/div>\n\t\t<\/div>\n\t<\/div>\n\t<div class=\"row\">\n\t\t<div class=\"col-md-12 form-group\">\n\t\t\t<p><span class=\"wpcf7-form-control-wrap\" data-name=\"your-name\"><input size=\"40\" maxlength=\"400\" class=\"wpcf7-form-control wpcf7-text wpcf7-validates-as-required\" aria-required=\"true\" aria-invalid=\"false\" placeholder=\"Name *\" value=\"\" type=\"text\" name=\"your-name\" \/><\/span>\n\t\t\t<\/p>\n\t\t<\/div>\n\t\t<div class=\"col-md-12 form-group\">\n\t\t\t<p><span class=\"wpcf7-form-control-wrap\" data-name=\"your-package\"><input size=\"40\" maxlength=\"400\" class=\"wpcf7-form-control wpcf7-text wpcf7-validates-as-required\" aria-required=\"true\" aria-invalid=\"false\" placeholder=\"Desired Lesson\" value=\"\" type=\"text\" name=\"your-package\" \/><\/span>\n\t\t\t<\/p>\n\t\t<\/div>\n\t\t<div class=\"col-md-12 form-group\">\n\t\t\t<p><span class=\"wpcf7-form-control-wrap\" data-name=\"your-street\"><input size=\"40\" maxlength=\"400\" class=\"wpcf7-form-control wpcf7-text wpcf7-validates-as-required\" aria-required=\"true\" aria-invalid=\"false\" placeholder=\"Street, No. *\" value=\"\" type=\"text\" name=\"your-street\" \/><\/span>\n\t\t\t<\/p>\n\t\t<\/div>\n\t\t<div class=\"col-md-12 form-group\">\n\t\t\t<p><span class=\"wpcf7-form-control-wrap\" data-name=\"your-address\"><input size=\"40\" maxlength=\"400\" class=\"wpcf7-form-control wpcf7-text wpcf7-validates-as-required\" aria-required=\"true\" aria-invalid=\"false\" placeholder=\"ZIP, City, Country *\" value=\"\" type=\"text\" name=\"your-address\" \/><\/span>\n\t\t\t<\/p>\n\t\t<\/div>\n\t\t<div class=\"col-md-6 form-group\">\n\t\t\t<p><span class=\"wpcf7-form-control-wrap\" data-name=\"your-phone\"><input size=\"40\" maxlength=\"400\" class=\"wpcf7-form-control wpcf7-text wpcf7-validates-as-required\" aria-required=\"true\" aria-invalid=\"false\" placeholder=\"Phone *\" value=\"\" type=\"text\" name=\"your-phone\" \/><\/span>\n\t\t\t<\/p>\n\t\t<\/div>\n\t\t<div class=\"col-md-6 form-group\">\n\t\t\t<p><span class=\"wpcf7-form-control-wrap\" data-name=\"your-email\"><input size=\"40\" maxlength=\"400\" class=\"wpcf7-form-control wpcf7-email wpcf7-validates-as-required wpcf7-text wpcf7-validates-as-email\" aria-required=\"true\" aria-invalid=\"false\" placeholder=\"Email *\" value=\"\" type=\"email\" name=\"your-email\" \/><\/span>\n\t\t\t<\/p>\n\t\t<\/div>\n\t\t<div class=\"col-md-12 form-group\">\n\t\t\t<p><span class=\"wpcf7-form-control-wrap\" data-name=\"your-message\"><textarea cols=\"40\" rows=\"3\" maxlength=\"2000\" class=\"wpcf7-form-control wpcf7-textarea\" id=\"message\" aria-invalid=\"false\" name=\"your-message\">Message *<\/textarea><\/span>\n\t\t\t<\/p>\n\t\t<\/div>\n\t\t<div class=\"col-md-12 form-group\">\n\t\t\t<p><span class=\"wpcf7-form-control-wrap\" data-name=\"check-dsgvo\"><span class=\"wpcf7-form-control wpcf7-checkbox wpcf7-validates-as-required\"><span class=\"wpcf7-list-item first last\"><label><input type=\"checkbox\" name=\"check-dsgvo[]\" value=\"Ich bin mit der Erhebung\/Speicherung meiner eingegebenen Daten einverstanden und akzeptiere die Datenschutzbestimmungen.\" \/><span class=\"wpcf7-list-item-label\">I agree to the collection\/storage of my entered data and accept the data protection regulations.<\/span><\/label><\/span><\/span><\/span>\n\t\t\t<\/p>\n\t\t<\/div>\n\t\t<div class=\"col-md-12\">\n\t\t\t<p><input class=\"wpcf7-form-control wpcf7-submit has-spinner butn-dark\" type=\"submit\" value=\"Send\" \/>\n\t\t\t<\/p>\n\t\t<\/div>\n\t<\/div>\n<\/form><div class=\"wpcf7-response-output\" aria-hidden=\"true\"><\/div>\n<input type=\"hidden\" name=\"trp-form-language\" value=\"en\"\/><\/form>\n<\/div>\n\t\t\t\t\t\t\t\t<\/div>\r\n\t\t\t\t\t\t\t\t\t\t\t\t\t\t\t<\/div>\r\n\t\t\t\t\t\t<\/div>\r\n\t\t\t\t\t<\/div>\r\n\t\t\t\t<\/div>\r\n\t\t\t<\/div>\r\n\t\t<\/section>\r\n\r\n\t\t\t\t\t<\/div>\n\t\t\t\t<\/div>\n\t\t\t\t\t<\/div>\n\t\t<\/div>\n\t\t\t\t\t<\/div>\n\t\t<\/section>\n\t\t\t\t<\/div>","protected":false},"excerpt":{"rendered":"<p>ENJOY A UNIQUE EXPERIENCE +41 77 257 04 59 Anfrage HaftungsausschlussDer Autor \u00fcbernimmt keine Gew\u00e4hr f\u00fcr die Richtigkeit, Genauigkeit, Aktualit\u00e4t, Zuverl\u00e4ssigkeit und Vollst\u00e4ndigkeit der Informationen.Haftungsanspr\u00fcche gegen den Autor wegen Sch\u00e4den materieller oder immaterieller Art, die aus dem Zugriff oder der Nutzung bzw. Nichtnutzung der ver\u00f6ffentlichten Informationen, durch Missbrauch der Verbindung oder durch technische St\u00f6rungen entstanden [&hellip;]<\/p>","protected":false},"author":1,"featured_media":0,"parent":0,"menu_order":0,"comment_status":"closed","ping_status":"closed","template":"page-templates\/home-2.php","meta":{"footnotes":""},"class_list":["post-1977","page","type-page","status-publish","hentry"],"yoast_head":"<!-- This site is optimized with the Yoast SEO plugin v26.1.1 - https:\/\/yoast.com\/wordpress\/plugins\/seo\/ -->\n<title>Impressum - katharina.flows<\/title>\n<meta name=\"robots\" content=\"noindex, follow, max-snippet:-1, max-image-preview:large, max-video-preview:-1\" \/>\n<meta property=\"og:locale\" content=\"en_GB\" \/>\n<meta property=\"og:type\" content=\"article\" \/>\n<meta property=\"og:title\" content=\"Impressum - katharina.flows\" \/>\n<meta property=\"og:description\" content=\"ENJOY A UNIQUE EXPERIENCE +41 77 257 04 59 Anfrage HaftungsausschlussDer Autor \u00fcbernimmt keine Gew\u00e4hr f\u00fcr die Richtigkeit, Genauigkeit, Aktualit\u00e4t, Zuverl\u00e4ssigkeit und Vollst\u00e4ndigkeit der Informationen.Haftungsanspr\u00fcche gegen den Autor wegen Sch\u00e4den materieller oder immaterieller Art, die aus dem Zugriff oder der Nutzung bzw. Nichtnutzung der ver\u00f6ffentlichten Informationen, durch Missbrauch der Verbindung oder durch technische St\u00f6rungen entstanden [&hellip;]\" \/>\n<meta property=\"og:url\" content=\"https:\/\/katharina-flows.ch\/en\/impressum\/\" \/>\n<meta property=\"og:site_name\" content=\"katharina.flows\" \/>\n<meta property=\"article:modified_time\" content=\"2025-11-27T20:24:17+00:00\" \/>\n<meta name=\"twitter:card\" content=\"summary_large_image\" \/>\n<meta name=\"twitter:label1\" content=\"Estimated reading time\" \/>\n\t<meta name=\"twitter:data1\" content=\"2 minutes\" \/>\n<script type=\"application\/ld+json\" class=\"yoast-schema-graph\">{\"@context\":\"https:\/\/schema.org\",\"@graph\":[{\"@type\":\"WebPage\",\"@id\":\"https:\/\/katharina-flows.ch\/impressum\/\",\"url\":\"https:\/\/katharina-flows.ch\/impressum\/\",\"name\":\"Impressum - katharina.flows\",\"isPartOf\":{\"@id\":\"https:\/\/katharina-flows.ch\/#website\"},\"datePublished\":\"2022-05-09T04:25:20+00:00\",\"dateModified\":\"2025-11-27T20:24:17+00:00\",\"breadcrumb\":{\"@id\":\"https:\/\/katharina-flows.ch\/impressum\/#breadcrumb\"},\"inLanguage\":\"en-GB\",\"potentialAction\":[{\"@type\":\"ReadAction\",\"target\":[\"https:\/\/katharina-flows.ch\/impressum\/\"]}]},{\"@type\":\"BreadcrumbList\",\"@id\":\"https:\/\/katharina-flows.ch\/impressum\/#breadcrumb\",\"itemListElement\":[{\"@type\":\"ListItem\",\"position\":1,\"name\":\"Startseite\",\"item\":\"https:\/\/katharina-flows.ch\/\"},{\"@type\":\"ListItem\",\"position\":2,\"name\":\"Impressum\"}]},{\"@type\":\"WebSite\",\"@id\":\"https:\/\/katharina-flows.ch\/#website\",\"url\":\"https:\/\/katharina-flows.ch\/\",\"name\":\"katharina.flows\",\"description\":\"\",\"potentialAction\":[{\"@type\":\"SearchAction\",\"target\":{\"@type\":\"EntryPoint\",\"urlTemplate\":\"https:\/\/katharina-flows.ch\/?s={search_term_string}\"},\"query-input\":{\"@type\":\"PropertyValueSpecification\",\"valueRequired\":true,\"valueName\":\"search_term_string\"}}],\"inLanguage\":\"en-GB\"}]}<\/script>\n<!-- \/ Yoast SEO plugin. -->","yoast_head_json":{"title":"Impressum - katharina.flows","robots":{"index":"noindex","follow":"follow","max-snippet":"max-snippet:-1","max-image-preview":"max-image-preview:large","max-video-preview":"max-video-preview:-1"},"og_locale":"en_GB","og_type":"article","og_title":"Impressum - katharina.flows","og_description":"ENJOY A UNIQUE EXPERIENCE +41 77 257 04 59 Anfrage HaftungsausschlussDer Autor \u00fcbernimmt keine Gew\u00e4hr f\u00fcr die Richtigkeit, Genauigkeit, Aktualit\u00e4t, Zuverl\u00e4ssigkeit und Vollst\u00e4ndigkeit der Informationen.Haftungsanspr\u00fcche gegen den Autor wegen Sch\u00e4den materieller oder immaterieller Art, die aus dem Zugriff oder der Nutzung bzw. Nichtnutzung der ver\u00f6ffentlichten Informationen, durch Missbrauch der Verbindung oder durch technische St\u00f6rungen entstanden [&hellip;]","og_url":"https:\/\/katharina-flows.ch\/en\/impressum\/","og_site_name":"katharina.flows","article_modified_time":"2025-11-27T20:24:17+00:00","twitter_card":"summary_large_image","twitter_misc":{"Estimated reading time":"2 minutes"},"schema":{"@context":"https:\/\/schema.org","@graph":[{"@type":"WebPage","@id":"https:\/\/katharina-flows.ch\/impressum\/","url":"https:\/\/katharina-flows.ch\/impressum\/","name":"Impressum - katharina.flows","isPartOf":{"@id":"https:\/\/katharina-flows.ch\/#website"},"datePublished":"2022-05-09T04:25:20+00:00","dateModified":"2025-11-27T20:24:17+00:00","breadcrumb":{"@id":"https:\/\/katharina-flows.ch\/impressum\/#breadcrumb"},"inLanguage":"en-GB","potentialAction":[{"@type":"ReadAction","target":["https:\/\/katharina-flows.ch\/impressum\/"]}]},{"@type":"BreadcrumbList","@id":"https:\/\/katharina-flows.ch\/impressum\/#breadcrumb","itemListElement":[{"@type":"ListItem","position":1,"name":"Startseite","item":"https:\/\/katharina-flows.ch\/"},{"@type":"ListItem","position":2,"name":"Impressum"}]},{"@type":"WebSite","@id":"https:\/\/katharina-flows.ch\/#website","url":"https:\/\/katharina-flows.ch\/","name":"katharina.flows","description":"","potentialAction":[{"@type":"SearchAction","target":{"@type":"EntryPoint","urlTemplate":"https:\/\/katharina-flows.ch\/?s={search_term_string}"},"query-input":{"@type":"PropertyValueSpecification","valueRequired":true,"valueName":"search_term_string"}}],"inLanguage":"en-GB"}]}},"_links":{"self":[{"href":"https:\/\/katharina-flows.ch\/en\/wp-json\/wp\/v2\/pages\/1977","targetHints":{"allow":["GET"]}}],"collection":[{"href":"https:\/\/katharina-flows.ch\/en\/wp-json\/wp\/v2\/pages"}],"about":[{"href":"https:\/\/katharina-flows.ch\/en\/wp-json\/wp\/v2\/types\/page"}],"author":[{"embeddable":true,"href":"https:\/\/katharina-flows.ch\/en\/wp-json\/wp\/v2\/users\/1"}],"replies":[{"embeddable":true,"href":"https:\/\/katharina-flows.ch\/en\/wp-json\/wp\/v2\/comments?post=1977"}],"version-history":[{"count":16,"href":"https:\/\/katharina-flows.ch\/en\/wp-json\/wp\/v2\/pages\/1977\/revisions"}],"predecessor-version":[{"id":2776,"href":"https:\/\/katharina-flows.ch\/en\/wp-json\/wp\/v2\/pages\/1977\/revisions\/2776"}],"wp:attachment":[{"href":"https:\/\/katharina-flows.ch\/en\/wp-json\/wp\/v2\/media?parent=1977"}],"curies":[{"name":"wp","href":"https:\/\/api.w.org\/{rel}","templated":true}]}}